{"id":9,"date":"2019-02-07T17:45:38","date_gmt":"2019-02-07T17:45:38","guid":{"rendered":"http:\/\/montacargasbartolome.com\/wordpress\/?page_id=9"},"modified":"2019-02-10T02:28:30","modified_gmt":"2019-02-10T02:28:30","slug":"somos","status":"publish","type":"page","link":"https:\/\/montacargasbartolome.com\/index.php\/somos\/","title":{"rendered":"SOMOS"},"content":{"rendered":"\n<p>MONTACARGAS BARTOLOME EIRL es una organizaci\u00f3n que tiene por actividad la creaci\u00f3n de soluciones empresariales relativas a la utilizaci\u00f3n de equipos: Montacargas, maquinaria pesada, plataformas de elevaci\u00f3n, tracto camiones y carro golf.<br><\/p>\n\n\n\n<p>Nuestro objetivo central es la atenci\u00f3n de las necesidades de nuestros clientes poniendo a su disposici\u00f3n las siguientes actividades:<br><\/p>\n\n\n\n<ul><li>Mantenimientos: preventivos y correctivos.<\/li><li>Importaci\u00f3n directa y venta de partes de: montacargas, tracto camiones, maquinaria pesada y carro golf de diferentes marcas.<\/li><li>Venta y alquiler de Montacargas de diferentes capacidades de carga, combusti\u00f3n diesel y GLP, el\u00e9ctricos.<\/li><li>Venta y alquiler de aditamentos de montacargas (clase: II &#8211; III &#8211; IV): horquillas o u\u00f1as, bobinero, fardero, cuatro horquillas, etc. <\/li><\/ul>\n\n\n\n<p>Nuestro trabajo se caracteriza por su alta especializaci\u00f3n y el trato personalizado que brindamos a nuestros clientes, lo cual nos permite crear soluciones integrales y oportunas en su favor.<br><\/p>\n\n\n\n<p>Para la realizaci\u00f3n de nuestros servicios de mantenimientos contamos con personal t\u00e9cnico calificado de amplia experiencia as\u00ed como equipos de diagn\u00f3stico y las herramientas necesarias para atender las m\u00e1s exigentes demandas.<br><\/p>\n\n\n\n<p>Nuestros montacargas en venta se distinguen por su \u00f3ptima operatividad, su costo accesible y por el s\u00f3lido respaldo de nuestra organizaci\u00f3n.<br><\/p>\n\n\n\n<p>El alquiler de nuestros equipos se constituye en una soluci\u00f3n empresarial destinada a contribuir con la eficiencia y la reducci\u00f3n de costos.<br><\/p>\n\n\n\n<p>Entre nuestros clientes contamos con importantes empresas que nos conf\u00edan la soluci\u00f3n de sus problemas lo cual ratifica la confianza en nuestra firma.<br><\/p>\n","protected":false},"excerpt":{"rendered":"<p>MONTACARGAS BARTOLOME EIRL es una organizaci\u00f3n que tiene por actividad la creaci\u00f3n de soluciones empresariales relativas a la utilizaci\u00f3n de equipos: Montacargas, maquinaria pesada, plataformas de elevaci\u00f3n, tracto camiones y carro golf. Nuestro objetivo central es la atenci\u00f3n de las necesidades de nuestros clientes poniendo a su disposici\u00f3n las siguientes actividades: Mantenimientos: preventivos y correctivos. [&hellip;]<\/p>\n","protected":false},"author":1,"featured_media":0,"parent":0,"menu_order":0,"comment_status":"closed","ping_status":"closed","template":"fullwidth.php","meta":[],"_links":{"self":[{"href":"https:\/\/montacargasbartolome.com\/index.php\/wp-json\/wp\/v2\/pages\/9"}],"collection":[{"href":"https:\/\/montacargasbartolome.com\/index.php\/wp-json\/wp\/v2\/pages"}],"about":[{"href":"https:\/\/montacargasbartolome.com\/index.php\/wp-json\/wp\/v2\/types\/page"}],"author":[{"embeddable":true,"href":"https:\/\/montacargasbartolome.com\/index.php\/wp-json\/wp\/v2\/users\/1"}],"replies":[{"embeddable":true,"href":"https:\/\/montacargasbartolome.com\/index.php\/wp-json\/wp\/v2\/comments?post=9"}],"version-history":[{"count":4,"href":"https:\/\/montacargasbartolome.com\/index.php\/wp-json\/wp\/v2\/pages\/9\/revisions"}],"predecessor-version":[{"id":179,"href":"https:\/\/montacargasbartolome.com\/index.php\/wp-json\/wp\/v2\/pages\/9\/revisions\/179"}],"wp:attachment":[{"href":"https:\/\/montacargasbartolome.com\/index.php\/wp-json\/wp\/v2\/media?parent=9"}],"curies":[{"name":"wp","href":"https:\/\/api.w.org\/{rel}","templated":true}]}}