{"id":49,"date":"2019-02-07T19:53:32","date_gmt":"2019-02-07T19:53:32","guid":{"rendered":"http:\/\/montacargasbartolome.com\/wordpress\/?page_id=49"},"modified":"2019-02-10T02:40:02","modified_gmt":"2019-02-10T02:40:02","slug":"contactos","status":"publish","type":"page","link":"https:\/\/montacargasbartolome.com\/index.php\/contactos\/","title":{"rendered":"CONTACTOS"},"content":{"rendered":"<p><iframe loading=\"lazy\" style=\"border: 0;\" src=\"https:\/\/www.google.com\/maps\/embed?pb=!1m18!1m12!1m3!1d3902.3060189109533!2d-76.99974108578812!3d-12.022440844720343!2m3!1f0!2f0!3f0!3m2!1i1024!2i768!4f13.1!3m3!1m2!1s0x9105c5ee0a9a85f7%3A0x40c457e6794d410b!2sJiron+Cajamarquilla+997%2C+Cercado+de+Lima+15401!5e0!3m2!1ses-419!2spe!4v1549766151530\" width=\"100%\" height=\"400\" frameborder=\"0\" allowfullscreen=\"allowfullscreen\"><\/iframe><\/p>\n<p><strong>DIRECCI\u00d3N<\/strong><br \/>\nCajamarquilla Nro 997 Urb. Z\u00e1rate &#8211; San Juan de Lurigancho &#8211; Lima<\/p>\n<p><strong>TEL\u00c9FONOS<\/strong><br \/>\nFijos: (01) 459 7991 \/ Celular: 943 453 847<\/p>\n<p><strong>CORREO<\/strong><br \/>\n<a href=\"mailto:ventas@montacargasbartolome.com\">ventas@montacargasbartolome.com\u00a0<\/a><\/p>\n","protected":false},"excerpt":{"rendered":"<p>DIRECCI\u00d3N Cajamarquilla Nro 997 Urb. Z\u00e1rate &#8211; San Juan de Lurigancho &#8211; Lima TEL\u00c9FONOS Fijos: (01) 459 7991 \/ Celular: 943 453 847 CORREO ventas@montacargasbartolome.com\u00a0<\/p>\n","protected":false},"author":1,"featured_media":0,"parent":0,"menu_order":0,"comment_status":"closed","ping_status":"closed","template":"fullwidth.php","meta":[],"_links":{"self":[{"href":"https:\/\/montacargasbartolome.com\/index.php\/wp-json\/wp\/v2\/pages\/49"}],"collection":[{"href":"https:\/\/montacargasbartolome.com\/index.php\/wp-json\/wp\/v2\/pages"}],"about":[{"href":"https:\/\/montacargasbartolome.com\/index.php\/wp-json\/wp\/v2\/types\/page"}],"author":[{"embeddable":true,"href":"https:\/\/montacargasbartolome.com\/index.php\/wp-json\/wp\/v2\/users\/1"}],"replies":[{"embeddable":true,"href":"https:\/\/montacargasbartolome.com\/index.php\/wp-json\/wp\/v2\/comments?post=49"}],"version-history":[{"count":9,"href":"https:\/\/montacargasbartolome.com\/index.php\/wp-json\/wp\/v2\/pages\/49\/revisions"}],"predecessor-version":[{"id":187,"href":"https:\/\/montacargasbartolome.com\/index.php\/wp-json\/wp\/v2\/pages\/49\/revisions\/187"}],"wp:attachment":[{"href":"https:\/\/montacargasbartolome.com\/index.php\/wp-json\/wp\/v2\/media?parent=49"}],"curies":[{"name":"wp","href":"https:\/\/api.w.org\/{rel}","templated":true}]}}